{"id":33,"date":"2026-02-18T10:15:35","date_gmt":"2026-02-18T10:15:35","guid":{"rendered":"https:\/\/www.alfagrade.hu\/?page_id=33"},"modified":"2026-03-17T11:30:05","modified_gmt":"2026-03-17T11:30:05","slug":"contact","status":"publish","type":"page","link":"https:\/\/www.alfagrade.hu\/en\/kapcsolat\/","title":{"rendered":"Contact"},"content":{"rendered":"\t\t<div data-elementor-type=\"wp-page\" data-elementor-id=\"33\" class=\"elementor elementor-33\" data-elementor-post-type=\"page\">\n\t\t\t\t<div class=\"elementor-element elementor-element-30da751 e-flex e-con-boxed e-con e-parent\" data-id=\"30da751\" data-element_type=\"container\" data-e-type=\"container\" data-settings=\"{&quot;background_background&quot;:&quot;classic&quot;}\">\n\t\t\t\t\t<div class=\"e-con-inner\">\n\t\t\t\t<div class=\"elementor-element elementor-element-1fb37df elementor-widget elementor-widget-heading\" data-id=\"1fb37df\" data-element_type=\"widget\" data-e-type=\"widget\" data-widget_type=\"heading.default\">\n\t\t\t\t\t<h2 class=\"elementor-heading-title elementor-size-default\">Vegye fel vel\u00fcnk a kapcsolatot!<\/h2>\t\t\t\t<\/div>\n\t\t\t\t<div class=\"elementor-element elementor-element-64ce151 elementor-widget elementor-widget-text-editor\" data-id=\"64ce151\" data-element_type=\"widget\" data-e-type=\"widget\" data-widget_type=\"text-editor.default\">\n\t\t\t\t\t\t\t\t\t<p>Forduljon hozz\u00e1nk bizalommal k\u00e9rd\u00e9s eset\u00e9n, illetve k\u00e9rjen aj\u00e1nlatot<\/p>\t\t\t\t\t\t\t\t<\/div>\n\t\t\t\t\t<\/div>\n\t\t\t\t<\/div>\n\t\t<div class=\"elementor-element elementor-element-4659e98 e-flex e-con-boxed e-con e-parent\" data-id=\"4659e98\" data-element_type=\"container\" data-e-type=\"container\">\n\t\t\t\t\t<div class=\"e-con-inner\">\n\t\t<div class=\"elementor-element elementor-element-e77df5a e-con-full e-flex e-con e-child\" data-id=\"e77df5a\" data-element_type=\"container\" data-e-type=\"container\" data-settings=\"{&quot;background_background&quot;:&quot;classic&quot;}\">\n\t\t\t\t<div class=\"elementor-element elementor-element-e2a65b7 elementor-button-align-stretch elementor-widget elementor-widget-form\" data-id=\"e2a65b7\" data-element_type=\"widget\" data-e-type=\"widget\" data-settings=\"{&quot;step_next_label&quot;:&quot;K\\u00f6vetkez\\u0151&quot;,&quot;step_previous_label&quot;:&quot;El\\u0151z\\u0151&quot;,&quot;button_width&quot;:&quot;100&quot;,&quot;step_type&quot;:&quot;number_text&quot;,&quot;step_icon_shape&quot;:&quot;circle&quot;}\" data-widget_type=\"form.default\">\n\t\t\t\t\t\t\t<form class=\"elementor-form\" method=\"post\" name=\"\u00daj \u0171rlap\" aria-label=\"\u00daj \u0171rlap\">\n\t\t\t<input type=\"hidden\" name=\"post_id\" value=\"33\"\/>\n\t\t\t<input type=\"hidden\" name=\"form_id\" value=\"e2a65b7\"\/>\n\t\t\t<input type=\"hidden\" name=\"referer_title\" value=\"\" \/>\n\n\t\t\t\n\t\t\t<div class=\"elementor-form-fields-wrapper elementor-labels-above\">\n\t\t\t\t\t\t\t\t<div class=\"elementor-field-type-text elementor-field-group elementor-column elementor-field-group-name elementor-col-100 elementor-field-required\">\n\t\t\t\t\t\t\t\t\t\t\t\t<label for=\"form-field-name\" class=\"elementor-field-label\">\n\t\t\t\t\t\t\t\tN\u00e9v*\t\t\t\t\t\t\t<\/label>\n\t\t\t\t\t\t\t\t\t\t\t\t\t\t<input size=\"1\" type=\"text\" name=\"form_fields[name]\" id=\"form-field-name\" class=\"elementor-field elementor-size-sm  elementor-field-textual\" required=\"required\">\n\t\t\t\t\t\t\t\t\t\t\t<\/div>\n\t\t\t\t\t\t\t\t<div class=\"elementor-field-type-tel elementor-field-group elementor-column elementor-field-group-field_cded064 elementor-col-100 elementor-field-required\">\n\t\t\t\t\t\t\t\t\t\t\t\t<label for=\"form-field-field_cded064\" class=\"elementor-field-label\">\n\t\t\t\t\t\t\t\tTelefonsz\u00e1m*\t\t\t\t\t\t\t<\/label>\n\t\t\t\t\t\t\t\t<input size=\"1\" type=\"tel\" name=\"form_fields[field_cded064]\" id=\"form-field-field_cded064\" class=\"elementor-field elementor-size-sm  elementor-field-textual\" required=\"required\" pattern=\"[0-9()#&amp;+*-=.]+\" title=\"Only numbers and phone characters (#, -, *, etc) are accepted.\">\n\n\t\t\t\t\t\t<\/div>\n\t\t\t\t\t\t\t\t<div class=\"elementor-field-type-email elementor-field-group elementor-column elementor-field-group-email elementor-col-100 elementor-field-required\">\n\t\t\t\t\t\t\t\t\t\t\t\t<label for=\"form-field-email\" class=\"elementor-field-label\">\n\t\t\t\t\t\t\t\tEmail*\t\t\t\t\t\t\t<\/label>\n\t\t\t\t\t\t\t\t\t\t\t\t\t\t<input size=\"1\" type=\"email\" name=\"form_fields[email]\" id=\"form-field-email\" class=\"elementor-field elementor-size-sm  elementor-field-textual\" required=\"required\">\n\t\t\t\t\t\t\t\t\t\t\t<\/div>\n\t\t\t\t\t\t\t\t<div class=\"elementor-field-type-textarea elementor-field-group elementor-column elementor-field-group-message elementor-col-100\">\n\t\t\t\t\t\t\t\t\t\t\t\t<label for=\"form-field-message\" class=\"elementor-field-label\">\n\t\t\t\t\t\t\t\tMegjegyz\u00e9s\t\t\t\t\t\t\t<\/label>\n\t\t\t\t\t\t<textarea class=\"elementor-field-textual elementor-field  elementor-size-sm\" name=\"form_fields[message]\" id=\"form-field-message\" rows=\"4\" placeholder=\"\u00dczenet\"><\/textarea>\t\t\t\t<\/div>\n\t\t\t\t\t\t\t\t<div class=\"elementor-field-type-html elementor-field-group elementor-column elementor-field-group-field_d666d59 elementor-col-100\">\n\t\t\t\t\tMelyik szolg\u00e1ltat\u00e1sunk \u00e9rdekli?\t\t\t\t<\/div>\n\t\t\t\t\t\t\t\t<div class=\"elementor-field-type-radio elementor-field-group elementor-column elementor-field-group-field_344e03d elementor-col-100\">\n\t\t\t\t\t<div class=\"elementor-field-subgroup  \"><span class=\"elementor-field-option\"><input type=\"radio\" value=\"H\u0151cser\u00e9l\u0151k karbantart\u00e1sa, beszerel\u00e9se\" id=\"form-field-field_344e03d-0\" name=\"form_fields[field_344e03d]\"> <label for=\"form-field-field_344e03d-0\">H\u0151cser\u00e9l\u0151k karbantart\u00e1sa, beszerel\u00e9se<\/label><\/span><span class=\"elementor-field-option\"><input type=\"radio\" value=\"Forg\u00f3g\u00e9pek karbantart\u00e1sa, beszerel\u00e9se\" id=\"form-field-field_344e03d-1\" name=\"form_fields[field_344e03d]\"> <label for=\"form-field-field_344e03d-1\">Forg\u00f3g\u00e9pek karbantart\u00e1sa, beszerel\u00e9se<\/label><\/span><span class=\"elementor-field-option\"><input type=\"radio\" value=\"H\u0151kamer\u00e1s VCA ellen\u0151rz\u00e9s\" id=\"form-field-field_344e03d-2\" name=\"form_fields[field_344e03d]\"> <label for=\"form-field-field_344e03d-2\">H\u0151kamer\u00e1s VCA ellen\u0151rz\u00e9s<\/label><\/span><span class=\"elementor-field-option\"><input type=\"radio\" value=\"Tan\u00e1csad\u00e1s\" id=\"form-field-field_344e03d-3\" name=\"form_fields[field_344e03d]\"> <label for=\"form-field-field_344e03d-3\">Tan\u00e1csad\u00e1s<\/label><\/span><\/div>\t\t\t\t<\/div>\n\t\t\t\t\t\t\t\t<div class=\"elementor-field-type-acceptance elementor-field-group elementor-column elementor-field-group-field_963da3c elementor-col-100 elementor-field-required\">\n\t\t\t\t\t\t\t<div class=\"elementor-field-subgroup\">\n\t\t\t<span class=\"elementor-field-option\">\n\t\t\t\t<input type=\"checkbox\" name=\"form_fields[field_963da3c]\" id=\"form-field-field_963da3c\" class=\"elementor-field elementor-size-sm  elementor-acceptance-field\" required=\"required\">\n\t\t\t\t<label for=\"form-field-field_963da3c\">Elfogadom az <a href=\"\/wp-content\/uploads\/2026\/02\/2_adatkezelesi_szabalyzat_20230117.pdf\">adatv\u00e9delmi t\u00e1j\u00e9koztat\u00f3t*<\/a><\/label>\t\t\t<\/span>\n\t\t<\/div>\n\t\t\t\t\t\t<\/div>\n\t\t\t\t\t\t\t\t<div class=\"elementor-field-type-recaptcha_v3 elementor-field-group elementor-column elementor-field-group-field_592461b elementor-col-100 recaptcha_v3-bottomright\">\n\t\t\t\t\t<div class=\"elementor-field\" id=\"form-field-field_592461b\"><div class=\"elementor-g-recaptcha\" data-sitekey=\"6LesUI0sAAAAADuhKpeuzSQcTXufniDnj38t9VxY\" data-type=\"v3\" data-action=\"Form\" data-badge=\"bottomright\" data-size=\"invisible\"><\/div><\/div>\t\t\t\t<\/div>\n\t\t\t\t\t\t\t\t<div class=\"elementor-field-group elementor-column elementor-field-type-submit elementor-col-100 e-form__buttons\">\n\t\t\t\t\t<button class=\"elementor-button elementor-size-sm\" type=\"submit\">\n\t\t\t\t\t\t<span class=\"elementor-button-content-wrapper\">\n\t\t\t\t\t\t\t\t\t\t\t\t\t\t\t<span class=\"elementor-button-icon\">\n\t\t\t\t\t\t\t\t\t<svg aria-hidden=\"true\" class=\"e-font-icon-svg e-fas-arrow-right\" viewBox=\"0 0 448 512\" xmlns=\"http:\/\/www.w3.org\/2000\/svg\"><path d=\"M190.5 66.9l22.2-22.2c9.4-9.4 24.6-9.4 33.9 0L441 239c9.4 9.4 9.4 24.6 0 33.9L246.6 467.3c-9.4 9.4-24.6 9.4-33.9 0l-22.2-22.2c-9.5-9.5-9.3-25 .4-34.3L311.4 296H24c-13.3 0-24-10.7-24-24v-32c0-13.3 10.7-24 24-24h287.4L190.9 101.2c-9.8-9.3-10-24.8-.4-34.3z\"><\/path><\/svg>\t\t\t\t\t\t\t\t\t\t\t\t\t\t\t\t\t<\/span>\n\t\t\t\t\t\t\t\t\t\t\t\t\t\t\t\t\t\t\t\t\t\t<span class=\"elementor-button-text\">K\u00fcld\u00e9s<\/span>\n\t\t\t\t\t\t\t\t\t\t\t\t\t<\/span>\n\t\t\t\t\t<\/button>\n\t\t\t\t<\/div>\n\t\t\t<\/div>\n\t\t<\/form>\n\t\t\t\t\t\t<\/div>\n\t\t\t\t<\/div>\n\t\t<div class=\"elementor-element elementor-element-b42b288 e-con-full e-flex e-con e-child\" data-id=\"b42b288\" data-element_type=\"container\" data-e-type=\"container\">\n\t\t\t\t<div class=\"elementor-element elementor-element-3d1d0d5 elementor-widget elementor-widget-heading\" data-id=\"3d1d0d5\" data-element_type=\"widget\" data-e-type=\"widget\" data-widget_type=\"heading.default\">\n\t\t\t\t\t<h2 class=\"elementor-heading-title elementor-size-default\">El\u00e9rhet\u0151s\u00e9geink<\/h2>\t\t\t\t<\/div>\n\t\t\t\t<div class=\"elementor-element elementor-element-7d0da21 elementor-widget elementor-widget-text-editor\" data-id=\"7d0da21\" data-element_type=\"widget\" data-e-type=\"widget\" data-widget_type=\"text-editor.default\">\n\t\t\t\t\t\t\t\t\t<p>Az al\u00e1bbi el\u00e9rhet\u0151s\u00e9geken veheti fel vel\u00fcnk a kapcsolatot:<\/p>\t\t\t\t\t\t\t\t<\/div>\n\t\t\t\t<div class=\"elementor-element elementor-element-b533a50 elementor-icon-list--layout-traditional elementor-list-item-link-full_width elementor-widget elementor-widget-icon-list\" data-id=\"b533a50\" data-element_type=\"widget\" data-e-type=\"widget\" data-widget_type=\"icon-list.default\">\n\t\t\t\t\t\t\t<ul class=\"elementor-icon-list-items\">\n\t\t\t\t\t\t\t<li class=\"elementor-icon-list-item\">\n\t\t\t\t\t\t\t\t\t\t\t<a href=\"tel:06309108576\">\n\n\t\t\t\t\t\t\t\t\t\t\t\t<span class=\"elementor-icon-list-icon\">\n\t\t\t\t\t\t\t<svg xmlns=\"http:\/\/www.w3.org\/2000\/svg\" width=\"30\" height=\"30\" viewBox=\"0 0 30 30\" fill=\"none\"><rect width=\"30\" height=\"30\" rx=\"5\" fill=\"#0F76BB\"><\/rect><rect width=\"24\" height=\"24\" transform=\"translate(3 3)\" fill=\"#0F76BB\"><\/rect><path d=\"M19.5562 15.9062L19.1007 16.359C19.1007 16.359 18.0181 17.4355 15.0631 14.4972C12.1081 11.559 13.1907 10.4826 13.1907 10.4826L13.4775 10.1974C14.1841 9.49484 14.2507 8.36691 13.6342 7.54348L12.3733 5.85908C11.6103 4.83992 10.136 4.70529 9.26145 5.57483L7.69185 7.13552C7.25823 7.56668 6.96765 8.12559 7.00289 8.74561C7.09304 10.3318 7.81071 13.7447 11.8154 17.7266C16.0621 21.9492 20.0468 22.117 21.6763 21.9651C22.1917 21.9171 22.6399 21.6546 23.0011 21.2954L24.4217 19.883C25.3806 18.9295 25.1102 17.2949 23.8833 16.628L21.9728 15.5894C21.1672 15.1515 20.1858 15.2801 19.5562 15.9062Z\" fill=\"white\"><\/path><\/svg>\t\t\t\t\t\t<\/span>\n\t\t\t\t\t\t\t\t\t\t<span class=\"elementor-icon-list-text\">+36 30 910 85 76<\/span>\n\t\t\t\t\t\t\t\t\t\t\t<\/a>\n\t\t\t\t\t\t\t\t\t<\/li>\n\t\t\t\t\t\t\t\t<li class=\"elementor-icon-list-item\">\n\t\t\t\t\t\t\t\t\t\t\t<a href=\"mailto:gajzer@alfagrade.hu\">\n\n\t\t\t\t\t\t\t\t\t\t\t\t<span class=\"elementor-icon-list-icon\">\n\t\t\t\t\t\t\t<svg xmlns=\"http:\/\/www.w3.org\/2000\/svg\" width=\"30\" height=\"30\" viewBox=\"0 0 30 30\" fill=\"none\"><rect width=\"30\" height=\"30\" rx=\"5\" fill=\"#0F76BB\"><\/rect><rect width=\"24\" height=\"24\" transform=\"translate(3 3)\" fill=\"#0F76BB\"><\/rect><path fill-rule=\"evenodd\" clip-rule=\"evenodd\" d=\"M6.17157 8.17157C5 9.34315 5 11.2288 5 15C5 18.7712 5 20.6569 6.17157 21.8284C7.34315 23 9.22876 23 13 23H17C20.7712 23 22.6569 23 23.8284 21.8284C25 20.6569 25 18.7712 25 15C25 11.2288 25 9.34315 23.8284 8.17157C22.6569 7 20.7712 7 17 7H13C9.22876 7 7.34315 7 6.17157 8.17157ZM21.5762 10.5199C21.8413 10.8381 21.7983 11.311 21.4801 11.5762L19.2837 13.4066C18.3973 14.1452 17.6789 14.7439 17.0448 15.1517C16.3843 15.5765 15.7411 15.8449 15 15.8449C14.2589 15.8449 13.6157 15.5765 12.9552 15.1517C12.3211 14.7439 11.6027 14.1452 10.7164 13.4066L8.51986 11.5762C8.20165 11.311 8.15866 10.8381 8.42383 10.5199C8.68901 10.2017 9.16193 10.1587 9.48014 10.4238L11.639 12.2229C12.572 13.0004 13.2197 13.5384 13.7666 13.8901C14.2959 14.2306 14.6549 14.3449 15 14.3449C15.3451 14.3449 15.7041 14.2306 16.2334 13.8901C16.7803 13.5384 17.428 13.0004 18.361 12.2229L20.5199 10.4238C20.8381 10.1587 21.311 10.2017 21.5762 10.5199Z\" fill=\"white\"><\/path><\/svg>\t\t\t\t\t\t<\/span>\n\t\t\t\t\t\t\t\t\t\t<span class=\"elementor-icon-list-text\">gajzer@alfagrade.hu<\/span>\n\t\t\t\t\t\t\t\t\t\t\t<\/a>\n\t\t\t\t\t\t\t\t\t<\/li>\n\t\t\t\t\t\t\t\t<li class=\"elementor-icon-list-item\">\n\t\t\t\t\t\t\t\t\t\t\t<span class=\"elementor-icon-list-icon\">\n\t\t\t\t\t\t\t<svg xmlns=\"http:\/\/www.w3.org\/2000\/svg\" width=\"30\" height=\"30\" viewBox=\"0 0 30 30\" fill=\"none\"><rect width=\"30\" height=\"30\" rx=\"5\" fill=\"#0F76BB\"><\/rect><rect width=\"24\" height=\"24\" transform=\"translate(3 3)\" fill=\"#0F76BB\"><\/rect><path fill-rule=\"evenodd\" clip-rule=\"evenodd\" d=\"M15 5C10.5817 5 7 9.00258 7 13.5C7 17.9622 9.55332 22.8124 13.5371 24.6744C14.4657 25.1085 15.5343 25.1085 16.4629 24.6744C20.4467 22.8124 23 17.9622 23 13.5C23 9.00258 19.4183 5 15 5ZM15 15C16.1046 15 17 14.1046 17 13C17 11.8954 16.1046 11 15 11C13.8954 11 13 11.8954 13 13C13 14.1046 13.8954 15 15 15Z\" fill=\"white\"><\/path><\/svg>\t\t\t\t\t\t<\/span>\n\t\t\t\t\t\t\t\t\t\t<span class=\"elementor-icon-list-text\">2400 Duna\u00fajv\u00e1ros, Vereb\u00e9ly \u00fat 14.<\/span>\n\t\t\t\t\t\t\t\t\t<\/li>\n\t\t\t\t\t\t<\/ul>\n\t\t\t\t\t\t<\/div>\n\t\t\t\t<div class=\"elementor-element elementor-element-8fd68da elementor-widget elementor-widget-heading\" data-id=\"8fd68da\" data-element_type=\"widget\" data-e-type=\"widget\" data-widget_type=\"heading.default\">\n\t\t\t\t\t<h2 class=\"elementor-heading-title elementor-size-default\">K\u00f6zvetlen kapcsolattart\u00f3<\/h2>\t\t\t\t<\/div>\n\t\t<div class=\"elementor-element elementor-element-2523f01 e-con-full e-flex e-con e-child\" data-id=\"2523f01\" data-element_type=\"container\" data-e-type=\"container\" data-settings=\"{&quot;background_background&quot;:&quot;classic&quot;}\">\n\t\t\t\t<div class=\"elementor-element elementor-element-e7b83a0 elementor-widget__width-initial elementor-widget elementor-widget-image\" data-id=\"e7b83a0\" data-element_type=\"widget\" data-e-type=\"widget\" data-widget_type=\"image.default\">\n\t\t\t\t\t\t\t\t\t\t\t\t\t\t\t<img decoding=\"async\" width=\"157\" height=\"173\" src=\"https:\/\/www.alfagrade.hu\/wp-content\/uploads\/2026\/02\/gajzer_t-1.png\" class=\"attachment-large size-large wp-image-440\" alt=\"\" srcset=\"https:\/\/www.alfagrade.hu\/wp-content\/uploads\/2026\/02\/gajzer_t-1.png 157w, https:\/\/www.alfagrade.hu\/wp-content\/uploads\/2026\/02\/gajzer_t-1-11x12.png 11w\" sizes=\"(max-width: 157px) 100vw, 157px\" \/>\t\t\t\t\t\t\t\t\t\t\t\t\t\t\t<\/div>\n\t\t<div class=\"elementor-element elementor-element-1cd36e4 e-con-full e-flex e-con e-child\" data-id=\"1cd36e4\" data-element_type=\"container\" data-e-type=\"container\">\n\t\t\t\t<div class=\"elementor-element elementor-element-339f835 elementor-widget elementor-widget-text-editor\" data-id=\"339f835\" data-element_type=\"widget\" data-e-type=\"widget\" data-widget_type=\"text-editor.default\">\n\t\t\t\t\t\t\t\t\t<p>Gajzer Tibor<\/p>\t\t\t\t\t\t\t\t<\/div>\n\t\t\t\t<div class=\"elementor-element elementor-element-f4ba8bf elementor-widget elementor-widget-text-editor\" data-id=\"f4ba8bf\" data-element_type=\"widget\" data-e-type=\"widget\" data-widget_type=\"text-editor.default\">\n\t\t\t\t\t\t\t\t\t<p>Alfa Grade Kft. \u00fcgyvezet\u0151<\/p>\t\t\t\t\t\t\t\t<\/div>\n\t\t\t\t<div class=\"elementor-element elementor-element-ceb0bfe elementor-widget elementor-widget-text-editor\" data-id=\"ceb0bfe\" data-element_type=\"widget\" data-e-type=\"widget\" data-widget_type=\"text-editor.default\">\n\t\t\t\t\t\t\t\t\t<p>Okleveles g\u00e9p\u00e9szm\u00e9rn\u00f6k<br \/>Magyar Ipari Karbantart\u00f3k Szervezet\u00e9nek<br \/>\u00c9lelmiszertagozat\u00e1nak eln\u00f6ks\u00e9gi tagja<\/p>\t\t\t\t\t\t\t\t<\/div>\n\t\t\t\t<\/div>\n\t\t\t\t<\/div>\n\t\t\t\t<div class=\"elementor-element elementor-element-d976527 elementor-widget elementor-widget-heading\" data-id=\"d976527\" data-element_type=\"widget\" data-e-type=\"widget\" data-widget_type=\"heading.default\">\n\t\t\t\t\t<h2 class=\"elementor-heading-title elementor-size-default\">\u00c1ll\u00e1saj\u00e1nlatok<\/h2>\t\t\t\t<\/div>\n\t\t\t\t<div class=\"elementor-element elementor-element-628eded elementor-widget elementor-widget-text-editor\" data-id=\"628eded\" data-element_type=\"widget\" data-e-type=\"widget\" data-widget_type=\"text-editor.default\">\n\t\t\t\t\t\t\t\t\t<p>Jelentkezz el\u00e9rhet\u0151 \u00e1ll\u00e1sainkra, legy\u00e9l a csapatunk tagja!<\/p>\t\t\t\t\t\t\t\t<\/div>\n\t\t\t\t<div class=\"elementor-element elementor-element-481e514 elementor-widget elementor-widget-button\" data-id=\"481e514\" data-element_type=\"widget\" data-e-type=\"widget\" data-widget_type=\"button.default\">\n\t\t\t\t\t\t\t\t\t\t<a class=\"elementor-button elementor-button-link elementor-size-sm\" href=\"https:\/\/www.alfagrade.hu\/en\/karrier\/\">\n\t\t\t\t\t\t<span class=\"elementor-button-content-wrapper\">\n\t\t\t\t\t\t<span class=\"elementor-button-icon\">\n\t\t\t\t<svg aria-hidden=\"true\" class=\"e-font-icon-svg e-fas-arrow-right\" viewBox=\"0 0 448 512\" xmlns=\"http:\/\/www.w3.org\/2000\/svg\"><path d=\"M190.5 66.9l22.2-22.2c9.4-9.4 24.6-9.4 33.9 0L441 239c9.4 9.4 9.4 24.6 0 33.9L246.6 467.3c-9.4 9.4-24.6 9.4-33.9 0l-22.2-22.2c-9.5-9.5-9.3-25 .4-34.3L311.4 296H24c-13.3 0-24-10.7-24-24v-32c0-13.3 10.7-24 24-24h287.4L190.9 101.2c-9.8-9.3-10-24.8-.4-34.3z\"><\/path><\/svg>\t\t\t<\/span>\n\t\t\t\t\t\t\t\t\t<span class=\"elementor-button-text\">El\u00e9rhet\u0151 \u00e1ll\u00e1saj\u00e1nlatok<\/span>\n\t\t\t\t\t<\/span>\n\t\t\t\t\t<\/a>\n\t\t\t\t\t\t\t\t<\/div>\n\t\t\t\t<\/div>\n\t\t\t\t\t<\/div>\n\t\t\t\t<\/div>\n\t\t<div class=\"elementor-element elementor-element-f8f341d e-flex e-con-boxed e-con e-parent\" data-id=\"f8f341d\" data-element_type=\"container\" data-e-type=\"container\">\n\t\t\t\t\t<div class=\"e-con-inner\">\n\t\t\t\t<div class=\"elementor-element elementor-element-2b4a096 elementor-widget elementor-widget-google_maps\" data-id=\"2b4a096\" data-element_type=\"widget\" data-e-type=\"widget\" data-widget_type=\"google_maps.default\">\n\t\t\t\t\t\t\t<div class=\"elementor-custom-embed\">\n\t\t\t<iframe loading=\"lazy\"\n\t\t\t\t\tsrc=\"https:\/\/maps.google.com\/maps?q=2400%20Duna%C3%BAjv%C3%A1ros%2C%20Vereb%C3%A9ly%20%C3%BAt%2014.&#038;t=m&#038;z=15&#038;output=embed&#038;iwloc=near\"\n\t\t\t\t\ttitle=\"2400 Duna\u00fajv\u00e1ros, Vereb\u00e9ly \u00fat 14.\"\n\t\t\t\t\taria-label=\"2400 Duna\u00fajv\u00e1ros, Vereb\u00e9ly \u00fat 14.\"\n\t\t\t><\/iframe>\n\t\t<\/div>\n\t\t\t\t\t\t<\/div>\n\t\t\t\t\t<\/div>\n\t\t\t\t<\/div>\n\t\t\t\t<\/div>\n\t\t","protected":false},"excerpt":{"rendered":"<p>Vegye fel vel\u00fcnk a kapcsolatot! Forduljon hozz\u00e1nk bizalommal k\u00e9rd\u00e9s eset\u00e9n, illetve k\u00e9rjen aj\u00e1nlatot El\u00e9rhet\u0151s\u00e9geink Az al\u00e1bbi el\u00e9rhet\u0151s\u00e9geken veheti fel vel\u00fcnk a kapcsolatot: +36 30 910 85 76 gajzer@alfagrade.hu 2400 Duna\u00fajv\u00e1ros, Vereb\u00e9ly \u00fat 14. K\u00f6zvetlen kapcsolattart\u00f3 Gajzer Tibor Alfa Grade Kft. \u00fcgyvezet\u0151 Okleveles g\u00e9p\u00e9szm\u00e9rn\u00f6kMagyar Ipari Karbantart\u00f3k Szervezet\u00e9nek\u00c9lelmiszertagozat\u00e1nak eln\u00f6ks\u00e9gi tagja \u00c1ll\u00e1saj\u00e1nlatok Jelentkezz el\u00e9rhet\u0151 \u00e1ll\u00e1sainkra, legy\u00e9l a csapatunk [&hellip;]<\/p>\n","protected":false},"author":1,"featured_media":0,"parent":0,"menu_order":0,"comment_status":"closed","ping_status":"closed","template":"","meta":{"footnotes":""},"class_list":["post-33","page","type-page","status-publish","hentry"],"_links":{"self":[{"href":"https:\/\/www.alfagrade.hu\/en\/wp-json\/wp\/v2\/pages\/33","targetHints":{"allow":["GET"]}}],"collection":[{"href":"https:\/\/www.alfagrade.hu\/en\/wp-json\/wp\/v2\/pages"}],"about":[{"href":"https:\/\/www.alfagrade.hu\/en\/wp-json\/wp\/v2\/types\/page"}],"author":[{"embeddable":true,"href":"https:\/\/www.alfagrade.hu\/en\/wp-json\/wp\/v2\/users\/1"}],"replies":[{"embeddable":true,"href":"https:\/\/www.alfagrade.hu\/en\/wp-json\/wp\/v2\/comments?post=33"}],"version-history":[{"count":0,"href":"https:\/\/www.alfagrade.hu\/en\/wp-json\/wp\/v2\/pages\/33\/revisions"}],"wp:attachment":[{"href":"https:\/\/www.alfagrade.hu\/en\/wp-json\/wp\/v2\/media?parent=33"}],"curies":[{"name":"wp","href":"https:\/\/api.w.org\/{rel}","templated":true}]}}