{"id":27,"date":"2026-02-18T10:14:41","date_gmt":"2026-02-18T10:14:41","guid":{"rendered":"https:\/\/www.alfagrade.hu\/?page_id=27"},"modified":"2026-03-11T11:43:21","modified_gmt":"2026-03-11T11:43:21","slug":"rotogepek","status":"publish","type":"page","link":"https:\/\/www.alfagrade.hu\/en\/forgogepek\/","title":{"rendered":"Rotating machinery"},"content":{"rendered":"<div data-elementor-type=\"wp-page\" data-elementor-id=\"27\" class=\"elementor elementor-27\" data-elementor-post-type=\"page\">\n\t\t\t\t<div class=\"elementor-element elementor-element-b578ded e-flex e-con-boxed e-con e-parent\" data-id=\"b578ded\" data-element_type=\"container\" data-e-type=\"container\" data-settings=\"{&quot;background_background&quot;:&quot;classic&quot;}\">\n\t\t\t\t\t<div class=\"e-con-inner\">\n\t\t\t\t<div class=\"elementor-element elementor-element-ac0e56a elementor-widget elementor-widget-heading\" data-id=\"ac0e56a\" data-element_type=\"widget\" data-e-type=\"widget\" data-widget_type=\"heading.default\">\n\t\t\t\t\t<h2 class=\"elementor-heading-title elementor-size-default\">Maintenance and repair of rotating machinery<\/h2>\t\t\t\t<\/div>\n\t\t\t\t<div class=\"elementor-element elementor-element-0fa3a8f elementor-widget elementor-widget-text-editor\" data-id=\"0fa3a8f\" data-element_type=\"widget\" data-e-type=\"widget\" data-widget_type=\"text-editor.default\">\n\t\t\t\t\t\t\t\t\t<p>Our other main activity is the repair, maintenance and overhaul of industrial rotating machinery. Our services cover a wide range of rotating equipment, such as\u00a0<strong>pumps, fans, separators, compressors, turbines<\/strong>\u00a0- condition assessment, diagnostics and full servicing.<\/p>\t\t\t\t\t\t\t\t<\/div>\n\t\t\t\t\t<\/div>\n\t\t\t\t<\/div>\n\t\t<div class=\"elementor-element elementor-element-494a11f e-flex e-con-boxed e-con e-parent\" data-id=\"494a11f\" data-element_type=\"container\" data-e-type=\"container\" data-settings=\"{&quot;background_background&quot;:&quot;classic&quot;}\">\n\t\t\t\t\t<div class=\"e-con-inner\">\n\t\t<div class=\"elementor-element elementor-element-544ed42 e-con-full animated-slow e-flex elementor-invisible e-con e-child\" data-id=\"544ed42\" data-element_type=\"container\" data-e-type=\"container\" data-settings=\"{&quot;animation&quot;:&quot;fadeIn&quot;}\">\n\t\t\t\t<div class=\"elementor-element elementor-element-8a957f9 elementor-widget elementor-widget-text-editor\" data-id=\"8a957f9\" data-element_type=\"widget\" data-e-type=\"widget\" data-widget_type=\"text-editor.default\">\n\t\t\t\t\t\t\t\t\t<p>Maintenance, repair and overhaul of rotating machinery<\/p>\t\t\t\t\t\t\t\t<\/div>\n\t\t\t\t<div class=\"elementor-element elementor-element-6754590 elementor-widget elementor-widget-text-editor\" data-id=\"6754590\" data-element_type=\"widget\" data-e-type=\"widget\" data-widget_type=\"text-editor.default\">\n\t\t\t\t\t\t\t\t\t<p class=\"translation-block\">Rotating machinery refers to equipment that rotates during operation and uses this motion to convert energy, move materials, or perform processes. There are many types of rotating machinery used in industry, such as:<\/p>\t\t\t\t\t\t\t\t<\/div>\n\t\t\t\t<div class=\"elementor-element elementor-element-c53b8c6 elementor-widget elementor-widget-text-editor\" data-id=\"c53b8c6\" data-element_type=\"widget\" data-e-type=\"widget\" data-widget_type=\"text-editor.default\">\n\t\t\t\t\t\t\t\t\t<ul><li style=\"font-weight: 400;\" aria-level=\"1\">Pumps<span style=\"font-weight: 400;\"> (centrifugal, piston, screw pump, etc.)<\/span><\/li><li style=\"font-weight: 400;\" aria-level=\"1\">Fans<span style=\"font-weight: 400;\"> (axial, radial)<\/span><\/li><li style=\"font-weight: 400;\" aria-level=\"1\">Blowers \/ compressors<span style=\"font-weight: 400;\"> (screw compressor, piston compressor, turbo compressor)<\/span><\/li><li style=\"font-weight: 400;\" aria-level=\"1\">Blowers and air mixers<\/li><\/ul><ul><li style=\"font-weight: 400;\" aria-level=\"1\">Separators<\/li><li style=\"font-weight: 400;\" aria-level=\"1\">Centrifuges<\/li><li style=\"font-weight: 400;\" aria-level=\"1\">Agitators, agitators<\/li><\/ul><ul><li style=\"font-weight: 400;\" aria-level=\"1\">Pulperek<\/li><li style=\"font-weight: 400;\" aria-level=\"1\">Shredders, grinders<\/li><\/ul><ul><li style=\"font-weight: 400;\" aria-level=\"1\">Delivery drums, mixing drums<\/li><li style=\"font-weight: 400;\" aria-level=\"1\">Rotary drum filters\u00a0<\/li><li style=\"font-weight: 400;\" aria-level=\"1\">and other industrial rotating machinery<\/li><\/ul>\t\t\t\t\t\t\t\t<\/div>\n\t\t\t\t<div class=\"elementor-element elementor-element-9f2ed14 elementor-widget elementor-widget-button\" data-id=\"9f2ed14\" data-element_type=\"widget\" data-e-type=\"widget\" data-widget_type=\"button.default\">\n\t\t\t\t\t\t\t\t\t\t<a class=\"elementor-button elementor-button-link elementor-size-sm\" href=\"#keretszerzodes\">\n\t\t\t\t\t\t<span class=\"elementor-button-content-wrapper\">\n\t\t\t\t\t\t<span class=\"elementor-button-icon\">\n\t\t\t\t<svg aria-hidden=\"true\" class=\"e-font-icon-svg e-fas-arrow-right\" viewbox=\"0 0 448 512\" xmlns=\"http:\/\/www.w3.org\/2000\/svg\"><path d=\"M190.5 66.9l22.2-22.2c9.4-9.4 24.6-9.4 33.9 0L441 239c9.4 9.4 9.4 24.6 0 33.9L246.6 467.3c-9.4 9.4-24.6 9.4-33.9 0l-22.2-22.2c-9.5-9.5-9.3-25 .4-34.3L311.4 296H24c-13.3 0-24-10.7-24-24v-32c0-13.3 10.7-24 24-24h287.4L190.9 101.2c-9.8-9.3-10-24.8-.4-34.3z\"><\/path><\/svg>\t\t\t<\/span>\n\t\t\t\t\t\t\t\t\t<span class=\"elementor-button-text\">About framework contract maintenance<\/span>\n\t\t\t\t\t<\/span>\n\t\t\t\t\t<\/a>\n\t\t\t\t\t\t\t\t<\/div>\n\t\t\t\t<\/div>\n\t\t<div class=\"elementor-element elementor-element-7b297a8 e-con-full animated-slow e-flex elementor-invisible e-con e-child\" data-id=\"7b297a8\" data-element_type=\"container\" data-e-type=\"container\" data-settings=\"{&quot;animation&quot;:&quot;fadeIn&quot;}\">\n\t\t\t\t<div class=\"elementor-element elementor-element-bc7103c elementor-widget elementor-widget-image\" data-id=\"bc7103c\" data-element_type=\"widget\" data-e-type=\"widget\" data-widget_type=\"image.default\">\n\t\t\t\t\t\t\t\t\t\t\t\t\t\t\t<img fetchpriority=\"high\" decoding=\"async\" width=\"768\" height=\"1024\" src=\"https:\/\/www.alfagrade.hu\/wp-content\/uploads\/2026\/02\/forgogep_alfagrade-768x1024.jpg\" class=\"attachment-large size-large wp-image-354\" alt=\"\" srcset=\"https:\/\/www.alfagrade.hu\/wp-content\/uploads\/2026\/02\/forgogep_alfagrade-768x1024.jpg 768w, https:\/\/www.alfagrade.hu\/wp-content\/uploads\/2026\/02\/forgogep_alfagrade-225x300.jpg 225w, https:\/\/www.alfagrade.hu\/wp-content\/uploads\/2026\/02\/forgogep_alfagrade-9x12.jpg 9w, https:\/\/www.alfagrade.hu\/wp-content\/uploads\/2026\/02\/forgogep_alfagrade.jpg 800w\" sizes=\"(max-width: 768px) 100vw, 768px\" \/>\t\t\t\t\t\t\t\t\t\t\t\t\t\t\t<\/div>\n\t\t\t\t<\/div>\n\t\t\t\t\t<\/div>\n\t\t\t\t<\/div>\n\t\t<div class=\"elementor-element elementor-element-d8f55de e-flex e-con-boxed e-con e-parent\" data-id=\"d8f55de\" data-element_type=\"container\" data-e-type=\"container\" data-settings=\"{&quot;background_background&quot;:&quot;classic&quot;}\">\n\t\t\t\t\t<div class=\"e-con-inner\">\n\t\t\t\t<div class=\"elementor-element elementor-element-5df8ebe elementor-widget elementor-widget-text-editor\" data-id=\"5df8ebe\" data-element_type=\"widget\" data-e-type=\"widget\" data-widget_type=\"text-editor.default\">\n\t\t\t\t\t\t\t\t\t<p>Alfa Grade takes full responsibility for:<\/p>\t\t\t\t\t\t\t\t<\/div>\n\t\t\t\t<div class=\"elementor-element elementor-element-009fce1 elementor-widget elementor-widget-text-editor\" data-id=\"009fce1\" data-element_type=\"widget\" data-e-type=\"widget\" data-widget_type=\"text-editor.default\">\n\t\t\t\t\t\t\t\t\t<p>professional dismantling and assembly of machine units - replacement of parts - laser coaxial alignment - bearing adjustment - replacement and renewal of seals - carrying out and documented handover of test runs<\/p>\t\t\t\t\t\t\t\t<\/div>\n\t\t\t\t\t<\/div>\n\t\t\t\t<\/div>\n\t\t<div class=\"elementor-element elementor-element-3307965 e-flex e-con-boxed e-con e-parent\" data-id=\"3307965\" data-element_type=\"container\" data-e-type=\"container\" id=\"keretszerzodes\" data-settings=\"{&quot;background_background&quot;:&quot;classic&quot;}\">\n\t\t\t\t\t<div class=\"e-con-inner\">\n\t\t<div class=\"elementor-element elementor-element-37a5c83 e-con-full animated-slow e-flex elementor-invisible e-con e-child\" data-id=\"37a5c83\" data-element_type=\"container\" data-e-type=\"container\" data-settings=\"{&quot;animation&quot;:&quot;fadeIn&quot;}\">\n\t\t\t\t<div class=\"elementor-element elementor-element-55cf4d2 elementor-widget elementor-widget-text-editor\" data-id=\"55cf4d2\" data-element_type=\"widget\" data-e-type=\"widget\" data-widget_type=\"text-editor.default\">\n\t\t\t\t\t\t\t\t\t<p>Framework contract<\/p>\t\t\t\t\t\t\t\t<\/div>\n\t\t\t\t<div class=\"elementor-element elementor-element-bf98174 elementor-widget elementor-widget-text-editor\" data-id=\"bf98174\" data-element_type=\"widget\" data-e-type=\"widget\" data-widget_type=\"text-editor.default\">\n\t\t\t\t\t\t\t\t\t<p>Maintenance under Cross-Contract<\/p>\t\t\t\t\t\t\t\t<\/div>\n\t\t\t\t<div class=\"elementor-element elementor-element-8ba80f0 elementor-widget elementor-widget-text-editor\" data-id=\"8ba80f0\" data-element_type=\"widget\" data-e-type=\"widget\" data-widget_type=\"text-editor.default\">\n\t\t\t\t\t\t\t\t\t<p><span style=\"font-weight: 400;\">In industry, cross-contracting maintenance may be a viable alternative to individual contracts. This allows our customers to predefine the date of maintenance on an annual basis, even per machine or per group. This flexible system ensures that the maintenance schedule is fully adapted to the needs of the company.<\/span><\/p>\t\t\t\t\t\t\t\t<\/div>\n\t\t\t\t<div class=\"elementor-element elementor-element-d650617 elementor-widget elementor-widget-text-editor\" data-id=\"d650617\" data-element_type=\"widget\" data-e-type=\"widget\" data-widget_type=\"text-editor.default\">\n\t\t\t\t\t\t\t\t\t<p>Preventive maintenance<\/p>\t\t\t\t\t\t\t\t<\/div>\n\t\t\t\t<div class=\"elementor-element elementor-element-daa6d43 elementor-widget elementor-widget-text-editor\" data-id=\"daa6d43\" data-element_type=\"widget\" data-e-type=\"widget\" data-widget_type=\"text-editor.default\">\n\t\t\t\t\t\t\t\t\t<p>We place a high priority on preventive maintenance, which aims to prevent breakdowns and maintain equipment in good condition over the long term. Regular, preventive maintenance significantly improves machine performance, reduces the risk of unexpected breakdowns and extends the life of equipment, while also being less costly.<\/p>\t\t\t\t\t\t\t\t<\/div>\n\t\t\t\t<div class=\"elementor-element elementor-element-39ce435 elementor-widget elementor-widget-text-editor\" data-id=\"39ce435\" data-element_type=\"widget\" data-e-type=\"widget\" data-widget_type=\"text-editor.default\">\n\t\t\t\t\t\t\t\t\t<p><strong>Our framework contracts ensure,<\/strong> to provide our customers with the maintenance services they need in a timely, efficient and high-quality manner, with a personalised, preventive approach.<\/p>\t\t\t\t\t\t\t\t<\/div>\n\t\t\t\t<div class=\"elementor-element elementor-element-361a084 elementor-align-left elementor-mobile-align-left elementor-widget elementor-widget-button\" data-id=\"361a084\" data-element_type=\"widget\" data-e-type=\"widget\" data-widget_type=\"button.default\">\n\t\t\t\t\t\t\t\t\t\t<a class=\"elementor-button elementor-button-link elementor-size-sm\" href=\"#egyedi-karbantartas\">\n\t\t\t\t\t\t<span class=\"elementor-button-content-wrapper\">\n\t\t\t\t\t\t<span class=\"elementor-button-icon\">\n\t\t\t\t<svg aria-hidden=\"true\" class=\"e-font-icon-svg e-fas-arrow-right\" viewbox=\"0 0 448 512\" xmlns=\"http:\/\/www.w3.org\/2000\/svg\"><path d=\"M190.5 66.9l22.2-22.2c9.4-9.4 24.6-9.4 33.9 0L441 239c9.4 9.4 9.4 24.6 0 33.9L246.6 467.3c-9.4 9.4-24.6 9.4-33.9 0l-22.2-22.2c-9.5-9.5-9.3-25 .4-34.3L311.4 296H24c-13.3 0-24-10.7-24-24v-32c0-13.3 10.7-24 24-24h287.4L190.9 101.2c-9.8-9.3-10-24.8-.4-34.3z\"><\/path><\/svg>\t\t\t<\/span>\n\t\t\t\t\t\t\t\t\t<span class=\"elementor-button-text\">Maintenance based on individual order<\/span>\n\t\t\t\t\t<\/span>\n\t\t\t\t\t<\/a>\n\t\t\t\t\t\t\t\t<\/div>\n\t\t\t\t<\/div>\n\t\t<div class=\"elementor-element elementor-element-b32510a e-con-full animated-slow e-flex elementor-invisible e-con e-child\" data-id=\"b32510a\" data-element_type=\"container\" data-e-type=\"container\" data-settings=\"{&quot;animation&quot;:&quot;fadeIn&quot;}\">\n\t\t\t\t<div class=\"elementor-element elementor-element-58bbccb elementor-widget elementor-widget-image\" data-id=\"58bbccb\" data-element_type=\"widget\" data-e-type=\"widget\" data-widget_type=\"image.default\">\n\t\t\t\t\t\t\t\t\t\t\t\t\t\t\t<img decoding=\"async\" width=\"768\" height=\"1024\" src=\"https:\/\/www.alfagrade.hu\/wp-content\/uploads\/2026\/02\/forgogep_alfagrade_02-1-768x1024.png\" class=\"attachment-large size-large wp-image-356\" alt=\"\" srcset=\"https:\/\/www.alfagrade.hu\/wp-content\/uploads\/2026\/02\/forgogep_alfagrade_02-1-768x1024.png 768w, https:\/\/www.alfagrade.hu\/wp-content\/uploads\/2026\/02\/forgogep_alfagrade_02-1-225x300.png 225w, https:\/\/www.alfagrade.hu\/wp-content\/uploads\/2026\/02\/forgogep_alfagrade_02-1-9x12.png 9w, https:\/\/www.alfagrade.hu\/wp-content\/uploads\/2026\/02\/forgogep_alfagrade_02-1.png 800w\" sizes=\"(max-width: 768px) 100vw, 768px\" \/>\t\t\t\t\t\t\t\t\t\t\t\t\t\t\t<\/div>\n\t\t\t\t<\/div>\n\t\t\t\t\t<\/div>\n\t\t\t\t<\/div>\n\t\t<div class=\"elementor-element elementor-element-5e39a38 e-flex e-con-boxed e-con e-parent\" data-id=\"5e39a38\" data-element_type=\"container\" data-e-type=\"container\" data-settings=\"{&quot;background_background&quot;:&quot;classic&quot;}\">\n\t\t\t\t\t<div class=\"e-con-inner\">\n\t\t\t\t<div class=\"elementor-element elementor-element-82553f5 elementor-widget elementor-widget-text-editor\" data-id=\"82553f5\" data-element_type=\"widget\" data-e-type=\"widget\" data-widget_type=\"text-editor.default\">\n\t\t\t\t\t\t\t\t\t<p>Our industrial customers who have put their trust in us<\/p>\t\t\t\t\t\t\t\t<\/div>\n\t\t\t\t<div class=\"elementor-element elementor-element-dab0656 elementor-widget elementor-widget-text-editor\" data-id=\"dab0656\" data-element_type=\"widget\" data-e-type=\"widget\" data-widget_type=\"text-editor.default\">\n\t\t\t\t\t\t\t\t\t<p>Dreher Breweries Ltd. - Heineken Hung\u00e1ria Zrt. - Lesaffre Hungary Zrt. - Richter Gedeon Plc. - Nitrog\u00e9nm\u0171vek Zrt. - Ceva-Philaxia - Hell Energy Kft. - Pannonia Bio Zrt. - Viterra Hungary Kft. - BorsodChem Zrt.<\/p>\t\t\t\t\t\t\t\t<\/div>\n\t\t<div class=\"elementor-element elementor-element-4bc9e09 e-con-full e-flex e-con e-child\" data-id=\"4bc9e09\" data-element_type=\"container\" data-e-type=\"container\">\n\t\t\t\t<div class=\"elementor-element elementor-element-0d5aa38 elementor-widget elementor-widget-image\" data-id=\"0d5aa38\" data-element_type=\"widget\" data-e-type=\"widget\" data-widget_type=\"image.default\">\n\t\t\t\t\t\t\t\t\t\t\t\t\t\t\t<img decoding=\"async\" width=\"250\" height=\"150\" src=\"https:\/\/www.alfagrade.hu\/wp-content\/uploads\/2026\/02\/Group-160-1.png\" class=\"attachment-large size-large wp-image-359\" alt=\"\" srcset=\"https:\/\/www.alfagrade.hu\/wp-content\/uploads\/2026\/02\/Group-160-1.png 250w, https:\/\/www.alfagrade.hu\/wp-content\/uploads\/2026\/02\/Group-160-1-18x12.png 18w\" sizes=\"(max-width: 250px) 100vw, 250px\" \/>\t\t\t\t\t\t\t\t\t\t\t\t\t\t\t<\/div>\n\t\t\t\t<div class=\"elementor-element elementor-element-8aa1fba elementor-widget elementor-widget-image\" data-id=\"8aa1fba\" data-element_type=\"widget\" data-e-type=\"widget\" data-widget_type=\"image.default\">\n\t\t\t\t\t\t\t\t\t\t\t\t\t\t\t<img loading=\"lazy\" decoding=\"async\" width=\"250\" height=\"150\" src=\"https:\/\/www.alfagrade.hu\/wp-content\/uploads\/2026\/02\/Group-158-1.png\" class=\"attachment-large size-large wp-image-357\" alt=\"\" srcset=\"https:\/\/www.alfagrade.hu\/wp-content\/uploads\/2026\/02\/Group-158-1.png 250w, https:\/\/www.alfagrade.hu\/wp-content\/uploads\/2026\/02\/Group-158-1-18x12.png 18w\" sizes=\"(max-width: 250px) 100vw, 250px\" \/>\t\t\t\t\t\t\t\t\t\t\t\t\t\t\t<\/div>\n\t\t\t\t<div class=\"elementor-element elementor-element-7c21fc0 elementor-widget elementor-widget-image\" data-id=\"7c21fc0\" data-element_type=\"widget\" data-e-type=\"widget\" data-widget_type=\"image.default\">\n\t\t\t\t\t\t\t\t\t\t\t\t\t\t\t<img loading=\"lazy\" decoding=\"async\" width=\"250\" height=\"150\" src=\"https:\/\/www.alfagrade.hu\/wp-content\/uploads\/2026\/02\/Group-159-1.png\" class=\"attachment-large size-large wp-image-358\" alt=\"\" srcset=\"https:\/\/www.alfagrade.hu\/wp-content\/uploads\/2026\/02\/Group-159-1.png 250w, https:\/\/www.alfagrade.hu\/wp-content\/uploads\/2026\/02\/Group-159-1-18x12.png 18w\" sizes=\"(max-width: 250px) 100vw, 250px\" \/>\t\t\t\t\t\t\t\t\t\t\t\t\t\t\t<\/div>\n\t\t\t\t<\/div>\n\t\t\t\t\t<\/div>\n\t\t\t\t<\/div>\n\t\t<div class=\"elementor-element elementor-element-cfef45f e-flex e-con-boxed e-con e-parent\" data-id=\"cfef45f\" data-element_type=\"container\" data-e-type=\"container\" id=\"egyedi-karbantartas\" data-settings=\"{&quot;background_background&quot;:&quot;classic&quot;}\">\n\t\t\t\t\t<div class=\"e-con-inner\">\n\t\t<div class=\"elementor-element elementor-element-cf9b101 e-con-full animated-slow e-flex elementor-invisible e-con e-child\" data-id=\"cf9b101\" data-element_type=\"container\" data-e-type=\"container\" data-settings=\"{&quot;animation&quot;:&quot;fadeIn&quot;}\">\n\t\t\t\t<div class=\"elementor-element elementor-element-7ef35f0 elementor-widget elementor-widget-image\" data-id=\"7ef35f0\" data-element_type=\"widget\" data-e-type=\"widget\" data-widget_type=\"image.default\">\n\t\t\t\t\t\t\t\t\t\t\t\t\t\t\t<img loading=\"lazy\" decoding=\"async\" width=\"800\" height=\"600\" src=\"https:\/\/www.alfagrade.hu\/wp-content\/uploads\/2026\/02\/forgogep_alfagrade_03.jpg\" class=\"attachment-large size-large wp-image-360\" alt=\"\" srcset=\"https:\/\/www.alfagrade.hu\/wp-content\/uploads\/2026\/02\/forgogep_alfagrade_03.jpg 1000w, https:\/\/www.alfagrade.hu\/wp-content\/uploads\/2026\/02\/forgogep_alfagrade_03-300x225.jpg 300w, https:\/\/www.alfagrade.hu\/wp-content\/uploads\/2026\/02\/forgogep_alfagrade_03-768x576.jpg 768w, https:\/\/www.alfagrade.hu\/wp-content\/uploads\/2026\/02\/forgogep_alfagrade_03-16x12.jpg 16w\" sizes=\"(max-width: 800px) 100vw, 800px\" \/>\t\t\t\t\t\t\t\t\t\t\t\t\t\t\t<\/div>\n\t\t\t\t<div class=\"elementor-element elementor-element-73a43c0 elementor-widget elementor-widget-image\" data-id=\"73a43c0\" data-element_type=\"widget\" data-e-type=\"widget\" data-widget_type=\"image.default\">\n\t\t\t\t\t\t\t\t\t\t\t\t\t\t\t<img loading=\"lazy\" decoding=\"async\" width=\"800\" height=\"449\" src=\"https:\/\/www.alfagrade.hu\/wp-content\/uploads\/2026\/02\/Group-163-2.png\" class=\"attachment-large size-large wp-image-372\" alt=\"\" srcset=\"https:\/\/www.alfagrade.hu\/wp-content\/uploads\/2026\/02\/Group-163-2.png 1000w, https:\/\/www.alfagrade.hu\/wp-content\/uploads\/2026\/02\/Group-163-2-300x168.png 300w, https:\/\/www.alfagrade.hu\/wp-content\/uploads\/2026\/02\/Group-163-2-768x431.png 768w, https:\/\/www.alfagrade.hu\/wp-content\/uploads\/2026\/02\/Group-163-2-18x10.png 18w\" sizes=\"(max-width: 800px) 100vw, 800px\" \/>\t\t\t\t\t\t\t\t\t\t\t\t\t\t\t<\/div>\n\t\t\t\t<\/div>\n\t\t<div class=\"elementor-element elementor-element-7bf8da5 e-con-full animated-slow e-flex elementor-invisible e-con e-child\" data-id=\"7bf8da5\" data-element_type=\"container\" data-e-type=\"container\" data-settings=\"{&quot;animation&quot;:&quot;fadeIn&quot;}\">\n\t\t\t\t<div class=\"elementor-element elementor-element-ec39773 elementor-widget elementor-widget-text-editor\" data-id=\"ec39773\" data-element_type=\"widget\" data-e-type=\"widget\" data-widget_type=\"text-editor.default\">\n\t\t\t\t\t\t\t\t\t<p>Custom solutions<\/p>\t\t\t\t\t\t\t\t<\/div>\n\t\t\t\t<div class=\"elementor-element elementor-element-4f389a6 elementor-widget elementor-widget-text-editor\" data-id=\"4f389a6\" data-element_type=\"widget\" data-e-type=\"widget\" data-widget_type=\"text-editor.default\">\n\t\t\t\t\t\t\t\t\t<p>Maintenance based on individual order<\/p>\t\t\t\t\t\t\t\t<\/div>\n\t\t\t\t<div class=\"elementor-element elementor-element-a7d3594 elementor-widget elementor-widget-text-editor\" data-id=\"a7d3594\" data-element_type=\"widget\" data-e-type=\"widget\" data-widget_type=\"text-editor.default\">\n\t\t\t\t\t\t\t\t\t<p><span style=\"font-weight: 400;\">Of course, as is common in the industry, much of our maintenance activity is based on individual requests. Our customers often come to us with special needs or specific problems that require a fast and targeted solution.<\/span><\/p>\t\t\t\t\t\t\t\t<\/div>\n\t\t\t\t<div class=\"elementor-element elementor-element-3637917 elementor-widget elementor-widget-text-editor\" data-id=\"3637917\" data-element_type=\"widget\" data-e-type=\"widget\" data-widget_type=\"text-editor.default\">\n\t\t\t\t\t\t\t\t\t<p><span style=\"font-weight: 400;\">Our company is flexible in adapting to situations arising from individual requests: we undertake various installation and maintenance tasks on the basis of tailor-made offers and detailed work plans. Whether it's an urgent repair, a complex mechanical intervention or a one-off maintenance job, our specialists will always provide the right solution to the highest professional standards.<\/span><\/p>\t\t\t\t\t\t\t\t<\/div>\n\t\t\t\t<div class=\"elementor-element elementor-element-fa85309 elementor-widget elementor-widget-text-editor\" data-id=\"fa85309\" data-element_type=\"widget\" data-e-type=\"widget\" data-widget_type=\"text-editor.default\">\n\t\t\t\t\t\t\t\t\t<p><span style=\"font-weight: 400;\">The range of rotating machinery and industrial equipment we service is wide, including pumps, fans, separators, pulpers and all other rotating machinery. This gives our customers a single source for reliable, fast and professional support for any maintenance task. Our aim is to be a reliable partner for our customers, even when specific, immediate or special technical support is required, <strong>ensuring the smooth operation of equipment and continuity of production.<\/strong><\/span><\/p>\t\t\t\t\t\t\t\t<\/div>\n\t\t<div class=\"elementor-element elementor-element-a952eb2 e-con-full e-flex e-con e-child\" data-id=\"a952eb2\" data-element_type=\"container\" data-e-type=\"container\">\n\t\t\t\t<div class=\"elementor-element elementor-element-edac73f elementor-mobile-align-justify elementor-widget-mobile__width-inherit elementor-widget elementor-widget-button\" data-id=\"edac73f\" data-element_type=\"widget\" data-e-type=\"widget\" data-widget_type=\"button.default\">\n\t\t\t\t\t\t\t\t\t\t<a class=\"elementor-button elementor-button-link elementor-size-sm\" href=\"https:\/\/www.alfagrade.hu\/en\/szolgaltatasok\/\">\n\t\t\t\t\t\t<span class=\"elementor-button-content-wrapper\">\n\t\t\t\t\t\t<span class=\"elementor-button-icon\">\n\t\t\t\t<svg aria-hidden=\"true\" class=\"e-font-icon-svg e-fas-arrow-right\" viewbox=\"0 0 448 512\" xmlns=\"http:\/\/www.w3.org\/2000\/svg\"><path d=\"M190.5 66.9l22.2-22.2c9.4-9.4 24.6-9.4 33.9 0L441 239c9.4 9.4 9.4 24.6 0 33.9L246.6 467.3c-9.4 9.4-24.6 9.4-33.9 0l-22.2-22.2c-9.5-9.5-9.3-25 .4-34.3L311.4 296H24c-13.3 0-24-10.7-24-24v-32c0-13.3 10.7-24 24-24h287.4L190.9 101.2c-9.8-9.3-10-24.8-.4-34.3z\"><\/path><\/svg>\t\t\t<\/span>\n\t\t\t\t\t\t\t\t\t<span class=\"elementor-button-text\">Our services<\/span>\n\t\t\t\t\t<\/span>\n\t\t\t\t\t<\/a>\n\t\t\t\t\t\t\t\t<\/div>\n\t\t\t\t<div class=\"elementor-element elementor-element-c6c69af elementor-mobile-align-justify elementor-widget-mobile__width-inherit elementor-widget elementor-widget-button\" data-id=\"c6c69af\" data-element_type=\"widget\" data-e-type=\"widget\" data-widget_type=\"button.default\">\n\t\t\t\t\t\t\t\t\t\t<a class=\"elementor-button elementor-button-link elementor-size-sm\" href=\"https:\/\/www.alfagrade.hu\/en\/kapcsolat\/\">\n\t\t\t\t\t\t<span class=\"elementor-button-content-wrapper\">\n\t\t\t\t\t\t<span class=\"elementor-button-icon\">\n\t\t\t\t<svg aria-hidden=\"true\" class=\"e-font-icon-svg e-fas-arrow-right\" viewbox=\"0 0 448 512\" xmlns=\"http:\/\/www.w3.org\/2000\/svg\"><path d=\"M190.5 66.9l22.2-22.2c9.4-9.4 24.6-9.4 33.9 0L441 239c9.4 9.4 9.4 24.6 0 33.9L246.6 467.3c-9.4 9.4-24.6 9.4-33.9 0l-22.2-22.2c-9.5-9.5-9.3-25 .4-34.3L311.4 296H24c-13.3 0-24-10.7-24-24v-32c0-13.3 10.7-24 24-24h287.4L190.9 101.2c-9.8-9.3-10-24.8-.4-34.3z\"><\/path><\/svg>\t\t\t<\/span>\n\t\t\t\t\t\t\t\t\t<span class=\"elementor-button-text\">Request a Quote<\/span>\n\t\t\t\t\t<\/span>\n\t\t\t\t\t<\/a>\n\t\t\t\t\t\t\t\t<\/div>\n\t\t\t\t<\/div>\n\t\t\t\t<\/div>\n\t\t\t\t\t<\/div>\n\t\t\t\t<\/div>\n\t\t\t\t<\/div>","protected":false},"excerpt":{"rendered":"<p>Forg\u00f3g\u00e9pek karbantart\u00e1sa \u00e9s jav\u00edt\u00e1sa C\u00e9g\u00fcnk m\u00e1sik f\u0151 tev\u00e9kenys\u00e9g\u00e9t az ipari forg\u00f3g\u00e9pek jav\u00edt\u00e1sa, karbantart\u00e1sa \u00e9s fel\u00faj\u00edt\u00e1sa adja. Szolg\u00e1ltat\u00e1saink kiterjednek k\u00fcl\u00f6nf\u00e9le forg\u00f3 berendez\u00e9sek \u2014 p\u00e9ld\u00e1ul\u00a0szivatty\u00fak, ventil\u00e1torok, szepar\u00e1torok, kompresszorok, turbin\u00e1k\u00a0\u2014 \u00e1llapotfelm\u00e9r\u00e9s\u00e9re, diagnosztik\u00e1j\u00e1ra \u00e9s teljes k\u00f6r\u0171 szervizel\u00e9s\u00e9re. Forg\u00f3g\u00e9pek karbantart\u00e1sa, jav\u00edt\u00e1sa \u00e9s fel\u00faj\u00edt\u00e1sa A forg\u00f3g\u00e9pek olyan berendez\u00e9sek, amelyek m\u0171k\u00f6d\u00e9s k\u00f6zben forg\u00f3 mozg\u00e1st v\u00e9geznek, \u00e9s ezt a mozg\u00e1st haszn\u00e1lj\u00e1k fel energia\u00e1talak\u00edt\u00e1sra, [&hellip;]<\/p>\n","protected":false},"author":1,"featured_media":0,"parent":0,"menu_order":0,"comment_status":"closed","ping_status":"closed","template":"","meta":{"footnotes":""},"class_list":["post-27","page","type-page","status-publish","hentry"],"_links":{"self":[{"href":"https:\/\/www.alfagrade.hu\/en\/wp-json\/wp\/v2\/pages\/27","targetHints":{"allow":["GET"]}}],"collection":[{"href":"https:\/\/www.alfagrade.hu\/en\/wp-json\/wp\/v2\/pages"}],"about":[{"href":"https:\/\/www.alfagrade.hu\/en\/wp-json\/wp\/v2\/types\/page"}],"author":[{"embeddable":true,"href":"https:\/\/www.alfagrade.hu\/en\/wp-json\/wp\/v2\/users\/1"}],"replies":[{"embeddable":true,"href":"https:\/\/www.alfagrade.hu\/en\/wp-json\/wp\/v2\/comments?post=27"}],"version-history":[{"count":0,"href":"https:\/\/www.alfagrade.hu\/en\/wp-json\/wp\/v2\/pages\/27\/revisions"}],"wp:attachment":[{"href":"https:\/\/www.alfagrade.hu\/en\/wp-json\/wp\/v2\/media?parent=27"}],"curies":[{"name":"wp","href":"https:\/\/api.w.org\/{rel}","templated":true}]}}