{"id":237,"date":"2026-02-19T14:30:13","date_gmt":"2026-02-19T14:30:13","guid":{"rendered":"https:\/\/www.alfagrade.hu\/?page_id=237"},"modified":"2026-04-14T12:05:32","modified_gmt":"2026-04-14T12:05:32","slug":"sechenyi-plan-plus","status":"publish","type":"page","link":"https:\/\/www.alfagrade.hu\/en\/szechenyi-terv-plusz\/","title":{"rendered":"Sz\u00e9chenyi Plan Plus"},"content":{"rendered":"<h2>Sz\u00e9chenyi Plan Plus support - 2026.<\/h2>\n<table width=\"680\">\n<tbody>\n<tr>\n<td width=\"255\">Name of the beneficiary<\/td>\n<td width=\"425\">Alfa Grade Design, Service and Maintenance Limited Liability Company<\/td>\n<\/tr>\n<tr>\n<td width=\"255\">Subject of the development<\/td>\n<td width=\"425\">Improving working conditions at Alfa Grade Design, Service and Maintenance Limited Liability Company<\/td>\n<\/tr>\n<tr>\n<td width=\"255\">Amount of aid contracted<\/td>\n<td width=\"425\">4 198 265 Ft<\/td>\n<\/tr>\n<tr>\n<td width=\"255\">Detailed description of the project content<\/td>\n<td width=\"425\">Alfa Grade Ltd. is improving the working conditions at its site in Duna\u00fajv\u00e1ros in order to protect the safety and health of its employees.<\/p>\n<p>Material handling, lifting and increasing the level of protection of the workplace will be central to the development.<\/td>\n<\/tr>\n<tr>\n<td width=\"255\">Planned completion date of the project<\/td>\n<td width=\"425\">2026.05.24.<\/td>\n<\/tr>\n<\/tbody>\n<\/table>\n<p><img fetchpriority=\"high\" decoding=\"async\" src=\"https:\/\/www.alfagrade.hu\/wp-content\/uploads\/2026\/02\/MFF-kedvezmenyezetti-infoblokk-keretes-1.jpg\" sizes=\"(max-width: 1504px) 100vw, 1504px\" srcset=\"https:\/\/www.alfagrade.hu\/wp-content\/uploads\/2026\/02\/MFF-kedvezmenyezetti-infoblokk-keretes-1.jpg 1504w, https:\/\/www.alfagrade.hu\/wp-content\/uploads\/2026\/02\/MFF-kedvezmenyezetti-infoblokk-keretes-1-300x90.jpg 300w, https:\/\/www.alfagrade.hu\/wp-content\/uploads\/2026\/02\/MFF-kedvezmenyezetti-infoblokk-keretes-1-1024x306.jpg 1024w, https:\/\/www.alfagrade.hu\/wp-content\/uploads\/2026\/02\/MFF-kedvezmenyezetti-infoblokk-keretes-1-768x230.jpg 768w, https:\/\/www.alfagrade.hu\/wp-content\/uploads\/2026\/02\/MFF-kedvezmenyezetti-infoblokk-keretes-1-18x5.jpg 18w\" alt=\"\" width=\"1504\" height=\"450\" \/><\/p>","protected":false},"excerpt":{"rendered":"<p>Sz\u00e9chenyi Terv Plusz t\u00e1mogat\u00e1s &#8211; 2026. A kedvezm\u00e9nyezett neve Alfa Grade Tervez\u0151, Szolg\u00e1ltat\u00f3 \u00e9s Karbantart\u00f3 Korl\u00e1tolt Felel\u0151ss\u00e9g\u0171 T\u00e1rsas\u00e1g A fejleszt\u00e9s t\u00e1rgya Munkak\u00f6r\u00fclm\u00e9nyek fejleszt\u00e9se az Alfa Grade Tervez\u0151, Szolg\u00e1ltat\u00f3 \u00e9s Karbantart\u00f3 Korl\u00e1tolt Felel\u0151ss\u00e9g\u0171 T\u00e1rsas\u00e1gn\u00e1l A szerz\u0151d\u00f6tt t\u00e1mogat\u00e1s \u00f6sszege 4\u00a0198 265 Ft A projekt tartalm\u00e1nak r\u00e9szletes bemutat\u00e1sa Az Alfa Grade Kft. a p\u00e1ly\u00e1zat keret\u00e9ben a duna\u00fajv\u00e1rosi telephely\u00e9n [&hellip;]<\/p>\n","protected":false},"author":1,"featured_media":0,"parent":0,"menu_order":0,"comment_status":"closed","ping_status":"closed","template":"","meta":{"footnotes":""},"class_list":["post-237","page","type-page","status-publish","hentry"],"_links":{"self":[{"href":"https:\/\/www.alfagrade.hu\/en\/wp-json\/wp\/v2\/pages\/237","targetHints":{"allow":["GET"]}}],"collection":[{"href":"https:\/\/www.alfagrade.hu\/en\/wp-json\/wp\/v2\/pages"}],"about":[{"href":"https:\/\/www.alfagrade.hu\/en\/wp-json\/wp\/v2\/types\/page"}],"author":[{"embeddable":true,"href":"https:\/\/www.alfagrade.hu\/en\/wp-json\/wp\/v2\/users\/1"}],"replies":[{"embeddable":true,"href":"https:\/\/www.alfagrade.hu\/en\/wp-json\/wp\/v2\/comments?post=237"}],"version-history":[{"count":2,"href":"https:\/\/www.alfagrade.hu\/en\/wp-json\/wp\/v2\/pages\/237\/revisions"}],"predecessor-version":[{"id":592,"href":"https:\/\/www.alfagrade.hu\/en\/wp-json\/wp\/v2\/pages\/237\/revisions\/592"}],"wp:attachment":[{"href":"https:\/\/www.alfagrade.hu\/en\/wp-json\/wp\/v2\/media?parent=237"}],"curies":[{"name":"wp","href":"https:\/\/api.w.org\/{rel}","templated":true}]}}